{"id":76,"date":"2020-06-18T18:25:37","date_gmt":"2020-06-18T16:25:37","guid":{"rendered":"https:\/\/agdebate.die-linke.cloud\/?page_id=76"},"modified":"2020-06-18T18:30:26","modified_gmt":"2020-06-18T16:30:26","slug":"blog","status":"publish","type":"page","link":"https:\/\/agdebate.die-linke.cloud\/?page_id=76","title":{"rendered":"Blog"},"content":{"rendered":"\n\t\t<div class=\"bdp-post-masonry-wrp bdp-clearfix\" id=\"bdp-post-masonry-wrp-1\">\r\n\t\t\t<div class=\"bdp-post-masonry bdp-clearfix bdp-effect-2 bdp-design-1 bdpgrid-2\" id=\"bdp-post-masonry-1\">\r\n\r\n\t\t\t\t<div class=\"bdp-post-grid  bdp-medium-6 bdp-columns\">\r\n\t<div class=\"bdp-post-grid-content bdp-no-thumb-image\">\r\n\t\t\t\t<div class=\"bdp-post-categories\">\r\n\t\t\t<a href=\"https:\/\/agdebate.die-linke.cloud\/?cat=1\">Allgemein<\/a>\t\t<\/div>\r\n\t\t\r\n\t\t<h2 class=\"bdp-post-title\">\r\n\t\t\t<a href=\"https:\/\/agdebate.die-linke.cloud\/?p=106\">Redebeitrag der AG debate. auf der Kundgebung  &#8222;We stand with Israel&#8220; (18.05.21 Halle)<\/a>\r\n\t\t<\/h2>\r\n\t\t\r\n\t\t\t\t\t<div class=\"bdp-post-date\">\r\n\t\t\t\t\t\t\t\t\t<span class=\"bdp-user-img\">AG debate<\/span>\r\n\t\t\t\t\t\t\t\t\/\t\t\t\t\t\t\t\t\t<span class=\"bdp-time\"> 7. Juni 2021 <\/span>\r\n\t\t\t\t\t\t\t\t\t\t\t\t\t\t\t<\/div>\r\n\t\t\t\t<div class=\"bdp-post-content\">\r\n\t\t\t<div class=\"bdp-post-short-content\">Vor fast genau einem Monat, am 19. April 2021, wurde in Warschau an den 78. Jahrestag des \u201eAufstandes im Warschauer...<\/div>\r\n\t\t\t\t\t\t\t<a href=\"https:\/\/agdebate.die-linke.cloud\/?p=106\" class=\"bdp-readmorebtn\">Weiterlesen<\/a>\r\n\t\t\t\t\t<\/div>\r\n\t\t\t<\/div>\r\n<\/div><div class=\"bdp-post-grid  bdp-medium-6 bdp-columns\">\r\n\t<div class=\"bdp-post-grid-content bdp-no-thumb-image\">\r\n\t\t\t\t<div class=\"bdp-post-categories\">\r\n\t\t\t<a href=\"https:\/\/agdebate.die-linke.cloud\/?cat=1\">Allgemein<\/a>\t\t<\/div>\r\n\t\t\r\n\t\t<h2 class=\"bdp-post-title\">\r\n\t\t\t<a href=\"https:\/\/agdebate.die-linke.cloud\/?p=103\">Statement zu antisemitischen \u00dcbergriff in Leipzig-Gohlis<\/a>\r\n\t\t<\/h2>\r\n\t\t\r\n\t\t\t\t\t<div class=\"bdp-post-date\">\r\n\t\t\t\t\t\t\t\t\t<span class=\"bdp-user-img\">AG debate<\/span>\r\n\t\t\t\t\t\t\t\t\/\t\t\t\t\t\t\t\t\t<span class=\"bdp-time\"> 7. Juni 2021 <\/span>\r\n\t\t\t\t\t\t\t\t\t\t\t\t\t\t\t<\/div>\r\n\t\t\t\t<div class=\"bdp-post-content\">\r\n\t\t\t<div class=\"bdp-post-short-content\">AG debate. - 8. Mai 2021 Am 3. Mai 2021 eskalierten in einem Leipziger Wohnhaus bereits l\u00e4nger andauernde antisemitische Anfeindungen...<\/div>\r\n\t\t\t\t\t\t\t<a href=\"https:\/\/agdebate.die-linke.cloud\/?p=103\" class=\"bdp-readmorebtn\">Weiterlesen<\/a>\r\n\t\t\t\t\t<\/div>\r\n\t\t\t<\/div>\r\n<\/div><div class=\"bdp-post-grid  bdp-medium-6 bdp-columns\">\r\n\t<div class=\"bdp-post-grid-content bdp-no-thumb-image\">\r\n\t\t\t\t<div class=\"bdp-post-categories\">\r\n\t\t\t<a href=\"https:\/\/agdebate.die-linke.cloud\/?cat=1\">Allgemein<\/a>\t\t<\/div>\r\n\t\t\r\n\t\t<h2 class=\"bdp-post-title\">\r\n\t\t\t<a href=\"https:\/\/agdebate.die-linke.cloud\/?p=100\">Was haben der SDS, die Jusos und Jakob Augstein gemeinsam?<\/a>\r\n\t\t<\/h2>\r\n\t\t\r\n\t\t\t\t\t<div class=\"bdp-post-date\">\r\n\t\t\t\t\t\t\t\t\t<span class=\"bdp-user-img\">AG debate<\/span>\r\n\t\t\t\t\t\t\t\t\/\t\t\t\t\t\t\t\t\t<span class=\"bdp-time\"> 7. Juni 2021 <\/span>\r\n\t\t\t\t\t\t\t\t\t\t\t\t\t\t\t<\/div>\r\n\t\t\t\t<div class=\"bdp-post-content\">\r\n\t\t\t<div class=\"bdp-post-short-content\">AG debate., 23. Januar 2021 Sie alle haben einen m\u00e4chtigen Israelkomplex und versuchen ihre antisemitisch-stereotype Wahrnehmung von Israel hinter so...<\/div>\r\n\t\t\t\t\t\t\t<a href=\"https:\/\/agdebate.die-linke.cloud\/?p=100\" class=\"bdp-readmorebtn\">Weiterlesen<\/a>\r\n\t\t\t\t\t<\/div>\r\n\t\t\t<\/div>\r\n<\/div><div class=\"bdp-post-grid  bdp-medium-6 bdp-columns\">\r\n\t<div class=\"bdp-post-grid-content bdp-no-thumb-image\">\r\n\t\t\t\t<div class=\"bdp-post-categories\">\r\n\t\t\t<a href=\"https:\/\/agdebate.die-linke.cloud\/?cat=1\">Allgemein<\/a>\t\t<\/div>\r\n\t\t\r\n\t\t<h2 class=\"bdp-post-title\">\r\n\t\t\t<a href=\"https:\/\/agdebate.die-linke.cloud\/?p=97\">Zum 9. November 2020<\/a>\r\n\t\t<\/h2>\r\n\t\t\r\n\t\t\t\t\t<div class=\"bdp-post-date\">\r\n\t\t\t\t\t\t\t\t\t<span class=\"bdp-user-img\">AG debate<\/span>\r\n\t\t\t\t\t\t\t\t\/\t\t\t\t\t\t\t\t\t<span class=\"bdp-time\"> 7. Juni 2021 <\/span>\r\n\t\t\t\t\t\t\t\t\t\t\t\t\t\t\t<\/div>\r\n\t\t\t\t<div class=\"bdp-post-content\">\r\n\t\t\t<div class=\"bdp-post-short-content\">Von Benjamin Damm - AG debate. \u201edi mayse iz gornisht freylekhun iz nisht geven a molmir shreyn nokh in unzre...<\/div>\r\n\t\t\t\t\t\t\t<a href=\"https:\/\/agdebate.die-linke.cloud\/?p=97\" class=\"bdp-readmorebtn\">Weiterlesen<\/a>\r\n\t\t\t\t\t<\/div>\r\n\t\t\t<\/div>\r\n<\/div><div class=\"bdp-post-grid  bdp-medium-6 bdp-columns\">\r\n\t<div class=\"bdp-post-grid-content bdp-no-thumb-image\">\r\n\t\t\t\t<div class=\"bdp-post-categories\">\r\n\t\t\t<a href=\"https:\/\/agdebate.die-linke.cloud\/?cat=1\">Allgemein<\/a>\t\t<\/div>\r\n\t\t\r\n\t\t<h2 class=\"bdp-post-title\">\r\n\t\t\t<a href=\"https:\/\/agdebate.die-linke.cloud\/?p=93\">Rede zum Jahrestag des  antisemitischen Anschlags in Halle<\/a>\r\n\t\t<\/h2>\r\n\t\t\r\n\t\t\t\t\t<div class=\"bdp-post-date\">\r\n\t\t\t\t\t\t\t\t\t<span class=\"bdp-user-img\">AG debate<\/span>\r\n\t\t\t\t\t\t\t\t\/\t\t\t\t\t\t\t\t\t<span class=\"bdp-time\"> 7. Juni 2021 <\/span>\r\n\t\t\t\t\t\t\t\t\t\t\t\t\t\t\t<\/div>\r\n\t\t\t\t<div class=\"bdp-post-content\">\r\n\t\t\t<div class=\"bdp-post-short-content\">von Benjamin Damm - AG debate.11. Oktober 2020 J\u00fcdinnen und Juden, unter ihnen einige Kinder, verbarrikadieren sich an ihrem h\u00f6chsten...<\/div>\r\n\t\t\t\t\t\t\t<a href=\"https:\/\/agdebate.die-linke.cloud\/?p=93\" class=\"bdp-readmorebtn\">Weiterlesen<\/a>\r\n\t\t\t\t\t<\/div>\r\n\t\t\t<\/div>\r\n<\/div><div class=\"bdp-post-grid  bdp-medium-6 bdp-columns\">\r\n\t<div class=\"bdp-post-grid-content bdp-no-thumb-image\">\r\n\t\t\t\t<div class=\"bdp-post-categories\">\r\n\t\t\t<a href=\"https:\/\/agdebate.die-linke.cloud\/?cat=1\">Allgemein<\/a>\t\t<\/div>\r\n\t\t\r\n\t\t<h2 class=\"bdp-post-title\">\r\n\t\t\t<a href=\"https:\/\/agdebate.die-linke.cloud\/?p=89\">Redebeitrag zum einj\u00e4hrigen Gedenken anl\u00e4sslich des antisemitischen Attentats von Halle<\/a>\r\n\t\t<\/h2>\r\n\t\t\r\n\t\t\t\t\t<div class=\"bdp-post-date\">\r\n\t\t\t\t\t\t\t\t\t<span class=\"bdp-user-img\">AG debate<\/span>\r\n\t\t\t\t\t\t\t\t\/\t\t\t\t\t\t\t\t\t<span class=\"bdp-time\"> 7. Juni 2021 <\/span>\r\n\t\t\t\t\t\t\t\t\t\t\t\t\t\t\t<\/div>\r\n\t\t\t\t<div class=\"bdp-post-content\">\r\n\t\t\t<div class=\"bdp-post-short-content\">von Angela Fuchs \u2013 AG debate.11. Oktober 2020 Vor einem Jahr fuhr ich in der S-Bahn. Ich las in Chatgruppen...<\/div>\r\n\t\t\t\t\t\t\t<a href=\"https:\/\/agdebate.die-linke.cloud\/?p=89\" class=\"bdp-readmorebtn\">Weiterlesen<\/a>\r\n\t\t\t\t\t<\/div>\r\n\t\t\t<\/div>\r\n<\/div><div class=\"bdp-post-grid  bdp-medium-6 bdp-columns\">\r\n\t<div class=\"bdp-post-grid-content bdp-no-thumb-image\">\r\n\t\t\t\t<div class=\"bdp-post-categories\">\r\n\t\t\t<a href=\"https:\/\/agdebate.die-linke.cloud\/?cat=1\">Allgemein<\/a>\t\t<\/div>\r\n\t\t\r\n\t\t<h2 class=\"bdp-post-title\">\r\n\t\t\t<a href=\"https:\/\/agdebate.die-linke.cloud\/?p=66\">Stellungnahme zum Beschluss des Parteivorstandes DIE LINKE \u201eNein zur Annexion des Westjordanlandes\u201c<\/a>\r\n\t\t<\/h2>\r\n\t\t\r\n\t\t\t\t\t<div class=\"bdp-post-date\">\r\n\t\t\t\t\t\t\t\t\t<span class=\"bdp-user-img\">AG debate<\/span>\r\n\t\t\t\t\t\t\t\t\/\t\t\t\t\t\t\t\t\t<span class=\"bdp-time\"> 18. Juni 2020 <\/span>\r\n\t\t\t\t\t\t\t\t\t\t\t\t\t\t\t<\/div>\r\n\t\t\t\t<div class=\"bdp-post-content\">\r\n\t\t\t<div class=\"bdp-post-short-content\">Am 6. Juni 2020 verabschiedete der Parteivorstand der Partei DIE LINKE den Beschluss \u201eNein zur Annexion des Westjordanlandes\u201c. Da sich...<\/div>\r\n\t\t\t\t\t\t\t<a href=\"https:\/\/agdebate.die-linke.cloud\/?p=66\" class=\"bdp-readmorebtn\">Weiterlesen<\/a>\r\n\t\t\t\t\t<\/div>\r\n\t\t\t<\/div>\r\n<\/div><div class=\"bdp-post-grid  bdp-medium-6 bdp-columns\">\r\n\t<div class=\"bdp-post-grid-content bdp-no-thumb-image\">\r\n\t\t\t\t<div class=\"bdp-post-categories\">\r\n\t\t\t<a href=\"https:\/\/agdebate.die-linke.cloud\/?cat=1\">Allgemein<\/a>\t\t<\/div>\r\n\t\t\r\n\t\t<h2 class=\"bdp-post-title\">\r\n\t\t\t<a href=\"https:\/\/agdebate.die-linke.cloud\/?p=63\">8. Mai 2020<\/a>\r\n\t\t<\/h2>\r\n\t\t\r\n\t\t\t\t\t<div class=\"bdp-post-date\">\r\n\t\t\t\t\t\t\t\t\t<span class=\"bdp-user-img\">AG debate<\/span>\r\n\t\t\t\t\t\t\t\t\/\t\t\t\t\t\t\t\t\t<span class=\"bdp-time\"> 18. Juni 2020 <\/span>\r\n\t\t\t\t\t\t\t\t\t\t\t\t\t\t\t<\/div>\r\n\t\t\t\t<div class=\"bdp-post-content\">\r\n\t\t\t<div class=\"bdp-post-short-content\">\"Heute vor siebzig Jahren wurde nicht Deutschland vom Nationalsozialismus befreit, sondern die zivilisierte Welt von der deutschen Barbarei. Die Deutschen,...<\/div>\r\n\t\t\t\t\t\t\t<a href=\"https:\/\/agdebate.die-linke.cloud\/?p=63\" class=\"bdp-readmorebtn\">Weiterlesen<\/a>\r\n\t\t\t\t\t<\/div>\r\n\t\t\t<\/div>\r\n<\/div><div class=\"bdp-post-grid  bdp-medium-6 bdp-columns\">\r\n\t<div class=\"bdp-post-grid-content bdp-no-thumb-image\">\r\n\t\t\t\t<div class=\"bdp-post-categories\">\r\n\t\t\t<a href=\"https:\/\/agdebate.die-linke.cloud\/?cat=1\">Allgemein<\/a>\t\t<\/div>\r\n\t\t\r\n\t\t<h2 class=\"bdp-post-title\">\r\n\t\t\t<a href=\"https:\/\/agdebate.die-linke.cloud\/?p=60\">Am Yisrael Chai<\/a>\r\n\t\t<\/h2>\r\n\t\t\r\n\t\t\t\t\t<div class=\"bdp-post-date\">\r\n\t\t\t\t\t\t\t\t\t<span class=\"bdp-user-img\">AG debate<\/span>\r\n\t\t\t\t\t\t\t\t\/\t\t\t\t\t\t\t\t\t<span class=\"bdp-time\"> 18. Juni 2020 <\/span>\r\n\t\t\t\t\t\t\t\t\t\t\t\t\t\t\t<\/div>\r\n\t\t\t\t<div class=\"bdp-post-content\">\r\n\t\t\t<div class=\"bdp-post-short-content\">\"Ich, der ich sonst f\u00fcr keinen Staat besonders eintrete, der ich sonst \u00fcber Staaten nicht gerade zimperlich denke und \u00fcber...<\/div>\r\n\t\t\t\t\t\t\t<a href=\"https:\/\/agdebate.die-linke.cloud\/?p=60\" class=\"bdp-readmorebtn\">Weiterlesen<\/a>\r\n\t\t\t\t\t<\/div>\r\n\t\t\t<\/div>\r\n<\/div><div class=\"bdp-post-grid  bdp-medium-6 bdp-columns\">\r\n\t<div class=\"bdp-post-grid-content bdp-no-thumb-image\">\r\n\t\t\t\t<div class=\"bdp-post-categories\">\r\n\t\t\t<a href=\"https:\/\/agdebate.die-linke.cloud\/?cat=1\">Allgemein<\/a>\t\t<\/div>\r\n\t\t\r\n\t\t<h2 class=\"bdp-post-title\">\r\n\t\t\t<a href=\"https:\/\/agdebate.die-linke.cloud\/?p=58\">Statement: Von Fischen, Katzen und Zugezogenen<\/a>\r\n\t\t<\/h2>\r\n\t\t\r\n\t\t\t\t\t<div class=\"bdp-post-date\">\r\n\t\t\t\t\t\t\t\t\t<span class=\"bdp-user-img\">AG debate<\/span>\r\n\t\t\t\t\t\t\t\t\/\t\t\t\t\t\t\t\t\t<span class=\"bdp-time\"> 18. Juni 2020 <\/span>\r\n\t\t\t\t\t\t\t\t\t\t\t\t\t\t\t<\/div>\r\n\t\t\t\t<div class=\"bdp-post-content\">\r\n\t\t\t<div class=\"bdp-post-short-content\">Sollte ein so genannter \u201eZugezogener\u201c Oberb\u00fcrgermeister einer Stadt werden d\u00fcrfen oder nicht? Als ob es derzeit keine anderen, relevanteren Probleme...<\/div>\r\n\t\t\t\t\t\t\t<a href=\"https:\/\/agdebate.die-linke.cloud\/?p=58\" class=\"bdp-readmorebtn\">Weiterlesen<\/a>\r\n\t\t\t\t\t<\/div>\r\n\t\t\t<\/div>\r\n<\/div>\t\t\t<\/div>\r\n\r\n\t\t\t\t\t\t<div class=\"bdp-ajax-btn-wrap bdp-clearfix\">\r\n\t\t\t\t<button class=\"bdp-load-more-btn more\" data-ajax=\"1\" data-paged=\"1\">\r\n\t\t\t\t\t<i class=\"bdp-ajax-loader\"><img src=\"https:\/\/agdebate.die-linke.cloud\/wp-content\/plugins\/blog-designer-pack\/assets\/images\/ajax-loader.gif\" alt=\"Wird geladen\" \/><\/i> \r\n\t\t\t\t\tMehr laden beitrag\t\t\t\t<\/button>\r\n\t\t\t\t<div class=\"bdp-hide bdp-shortcode-param\">{&quot;posts_per_page&quot;:10,&quot;cat&quot;:&quot;&quot;,&quot;design&quot;:&quot;design-1&quot;,&quot;pagination&quot;:&quot;false&quot;,&quot;grid&quot;:2,&quot;showDate&quot;:&quot;true&quot;,&quot;showCategory&quot;:&quot;true&quot;,&quot;showContent&quot;:&quot;true&quot;,&quot;words_limit&quot;:20,&quot;showreadmore&quot;:&quot;true&quot;,&quot;order&quot;:&quot;DESC&quot;,&quot;orderby&quot;:&quot;post_date&quot;,&quot;showAuthor&quot;:&quot;true&quot;,&quot;media_size&quot;:&quot;large&quot;,&quot;show_tags&quot;:&quot;true&quot;,&quot;show_comments&quot;:&quot;true&quot;}<\/div>\r\n\t\t\t<\/div>\r\n\t\t\t\t\t<\/div>\r\n\r\n\t\n","protected":false},"excerpt":{"rendered":"","protected":false},"author":1,"featured_media":0,"parent":0,"menu_order":0,"comment_status":"closed","ping_status":"closed","template":"","meta":[],"_links":{"self":[{"href":"https:\/\/agdebate.die-linke.cloud\/index.php?rest_route=\/wp\/v2\/pages\/76"}],"collection":[{"href":"https:\/\/agdebate.die-linke.cloud\/index.php?rest_route=\/wp\/v2\/pages"}],"about":[{"href":"https:\/\/agdebate.die-linke.cloud\/index.php?rest_route=\/wp\/v2\/types\/page"}],"author":[{"embeddable":true,"href":"https:\/\/agdebate.die-linke.cloud\/index.php?rest_route=\/wp\/v2\/users\/1"}],"replies":[{"embeddable":true,"href":"https:\/\/agdebate.die-linke.cloud\/index.php?rest_route=%2Fwp%2Fv2%2Fcomments&post=76"}],"version-history":[{"count":4,"href":"https:\/\/agdebate.die-linke.cloud\/index.php?rest_route=\/wp\/v2\/pages\/76\/revisions"}],"predecessor-version":[{"id":80,"href":"https:\/\/agdebate.die-linke.cloud\/index.php?rest_route=\/wp\/v2\/pages\/76\/revisions\/80"}],"wp:attachment":[{"href":"https:\/\/agdebate.die-linke.cloud\/index.php?rest_route=%2Fwp%2Fv2%2Fmedia&parent=76"}],"curies":[{"name":"wp","href":"https:\/\/api.w.org\/{rel}","templated":true}]}}